{"id":4573,"date":"2018-05-23T15:55:14","date_gmt":"2018-05-23T15:55:14","guid":{"rendered":"https:\/\/brestdoo.me\/?page_id=4573"},"modified":"2022-07-26T08:15:31","modified_gmt":"2022-07-26T08:15:31","slug":"usluge","status":"publish","type":"page","link":"https:\/\/brestdoo.me\/eng\/usluge\/","title":{"rendered":"Services"},"content":{"rendered":"<div class=\"wpb-content-wrapper\"><section data-vc-full-width=\"true\" data-vc-full-width-init=\"false\" data-vc-parallax=\"1.5\" class=\"vc_section vc_custom_1527091613929 vc_section-has-fill vc_general vc_parallax vc_parallax-content-moving\"><div class=\"vc_row wpb_row vc_row-fluid\"><div class=\"wpb_column vc_column_container vc_col-sm-12\"><div class=\"vc_column-inner\"><div class=\"wpb_wrapper\"><div class=\"es-resp\">\t<div class=\"visible-xl\" style=\"height: 64px;\"><\/div>\t<div class=\"hidden-xl hidden-md hidden-sm hidden-ms hidden-xs\" style=\"height: 64px;\"><\/div>\t<div class=\"visible-md\" style=\"height: 64px;\"><\/div>\t<div class=\"visible-sm\" style=\"height: 64px;\"><\/div>\t<div class=\"visible-ms\" style=\"height: 64px;\"><\/div>\t<div class=\"visible-xs\" style=\"height: 64px;\"><\/div><\/div><div class=\"services-sc services-photos  layout-photos-static row\">\t\t<div class=\"item  col-lg-3 col-sm-6\">\r\n\t\t\t<article id=\"post-4395\" class=\"post-4395 services type-services status-publish has-post-thumbnail hentry services-category-houses\" data-mh=\"ltx-services\">\r\n\t\t\t    <a href=\"https:\/\/brestdoo.me\/eng\/services\/odmaralista\/\" class=\"photo\">\r\n\t\t\t        <img loading=\"lazy\" decoding=\"async\" width=\"340\" height=\"340\" src=\"https:\/\/brestdoo.me\/wp-content\/uploads\/2018\/05\/odmaralista-340x340.jpg\" class=\"attachment-barhouse-service-square size-barhouse-service-square\" alt=\"\" srcset=\"https:\/\/brestdoo.me\/wp-content\/uploads\/2018\/05\/odmaralista-340x340.jpg 340w, https:\/\/brestdoo.me\/wp-content\/uploads\/2018\/05\/odmaralista-300x300.jpg 300w, https:\/\/brestdoo.me\/wp-content\/uploads\/2018\/05\/odmaralista-1024x1024.jpg 1024w, https:\/\/brestdoo.me\/wp-content\/uploads\/2018\/05\/odmaralista-150x150.jpg 150w, https:\/\/brestdoo.me\/wp-content\/uploads\/2018\/05\/odmaralista-768x768.jpg 768w, https:\/\/brestdoo.me\/wp-content\/uploads\/2018\/05\/odmaralista-1536x1536.jpg 1536w, https:\/\/brestdoo.me\/wp-content\/uploads\/2018\/05\/odmaralista-12x12.jpg 12w, https:\/\/brestdoo.me\/wp-content\/uploads\/2018\/05\/odmaralista.jpg 1600w\" sizes=\"(max-width: 340px) 100vw, 340px\" \/>\t\t\t    <\/a>\r\n\t\t\t    <div class=\"description\">\r\n\t\t\t    \t<a href=\"https:\/\/brestdoo.me\/eng\/services\/odmaralista\/\">\r\n\t\t\t    \t<h5 class=\"header\"><span>Vacationers<\/span><\/h5>\t\t\t    \t<\/a>\r\n\t\t\t        \t\t\t    <\/div> \t\t\t    \r\n\t\t\t<\/article>\r\n\t\t<\/div>\r\n\t\t\t\t<div class=\"item  col-lg-3 col-sm-6\">\r\n\t\t\t<article id=\"post-4397\" class=\"post-4397 services type-services status-publish has-post-thumbnail hentry services-category-houses\" data-mh=\"ltx-services\">\r\n\t\t\t    <a href=\"https:\/\/brestdoo.me\/eng\/services\/vikendice\/\" class=\"photo\">\r\n\t\t\t        <img loading=\"lazy\" decoding=\"async\" width=\"340\" height=\"340\" src=\"https:\/\/brestdoo.me\/wp-content\/uploads\/2018\/05\/vikendica-340x340.jpg\" class=\"attachment-barhouse-service-square size-barhouse-service-square\" alt=\"\" srcset=\"https:\/\/brestdoo.me\/wp-content\/uploads\/2018\/05\/vikendica-340x340.jpg 340w, https:\/\/brestdoo.me\/wp-content\/uploads\/2018\/05\/vikendica-150x150.jpg 150w\" sizes=\"(max-width: 340px) 100vw, 340px\" \/>\t\t\t    <\/a>\r\n\t\t\t    <div class=\"description\">\r\n\t\t\t    \t<a href=\"https:\/\/brestdoo.me\/eng\/services\/vikendice\/\">\r\n\t\t\t    \t<h5 class=\"header\"><span>Cottages<\/span><\/h5>\t\t\t    \t<\/a>\r\n\t\t\t        \t\t\t    <\/div> \t\t\t    \r\n\t\t\t<\/article>\r\n\t\t<\/div>\r\n\t\t\t\t<div class=\"item  col-lg-3 col-sm-6\">\r\n\t\t\t<article id=\"post-4398\" class=\"post-4398 services type-services status-publish has-post-thumbnail hentry services-category-houses\" data-mh=\"ltx-services\">\r\n\t\t\t    <a href=\"https:\/\/brestdoo.me\/eng\/services\/etno-kuce\/\" class=\"photo\">\r\n\t\t\t        <img loading=\"lazy\" decoding=\"async\" width=\"340\" height=\"340\" src=\"https:\/\/brestdoo.me\/wp-content\/uploads\/2018\/05\/etno-kuca-340x340.jpg\" class=\"attachment-barhouse-service-square size-barhouse-service-square\" alt=\"\" srcset=\"https:\/\/brestdoo.me\/wp-content\/uploads\/2018\/05\/etno-kuca-340x340.jpg 340w, https:\/\/brestdoo.me\/wp-content\/uploads\/2018\/05\/etno-kuca-150x150.jpg 150w\" sizes=\"(max-width: 340px) 100vw, 340px\" \/>\t\t\t    <\/a>\r\n\t\t\t    <div class=\"description\">\r\n\t\t\t    \t<a href=\"https:\/\/brestdoo.me\/eng\/services\/etno-kuce\/\">\r\n\t\t\t    \t<h5 class=\"header\"><span>Ethnic <\/span><span>houses<\/span><\/h5>\t\t\t    \t<\/a>\r\n\t\t\t        \t\t\t    <\/div> \t\t\t    \r\n\t\t\t<\/article>\r\n\t\t<\/div>\r\n\t\t\t\t<div class=\"item  col-lg-3 col-sm-6\">\r\n\t\t\t<article id=\"post-4396\" class=\"post-4396 services type-services status-publish has-post-thumbnail hentry services-category-houses\" data-mh=\"ltx-services\">\r\n\t\t\t    <a href=\"https:\/\/brestdoo.me\/eng\/services\/brvnare\/\" class=\"photo\">\r\n\t\t\t        <img loading=\"lazy\" decoding=\"async\" width=\"340\" height=\"340\" src=\"https:\/\/brestdoo.me\/wp-content\/uploads\/2018\/05\/brvnare-340x340.jpg\" class=\"attachment-barhouse-service-square size-barhouse-service-square\" alt=\"\" srcset=\"https:\/\/brestdoo.me\/wp-content\/uploads\/2018\/05\/brvnare-340x340.jpg 340w, https:\/\/brestdoo.me\/wp-content\/uploads\/2018\/05\/brvnare-300x300.jpg 300w, https:\/\/brestdoo.me\/wp-content\/uploads\/2018\/05\/brvnare-150x150.jpg 150w, https:\/\/brestdoo.me\/wp-content\/uploads\/2018\/05\/brvnare-768x768.jpg 768w, https:\/\/brestdoo.me\/wp-content\/uploads\/2018\/05\/brvnare.jpg 1000w\" sizes=\"(max-width: 340px) 100vw, 340px\" \/>\t\t\t    <\/a>\r\n\t\t\t    <div class=\"description\">\r\n\t\t\t    \t<a href=\"https:\/\/brestdoo.me\/eng\/services\/brvnare\/\">\r\n\t\t\t    \t<h5 class=\"header\"><span>Log cabins<\/span><\/h5>\t\t\t    \t<\/a>\r\n\t\t\t        \t\t\t    <\/div> \t\t\t    \r\n\t\t\t<\/article>\r\n\t\t<\/div>\r\n\t\t\t\t<div class=\"item  col-lg-3 col-sm-6\">\r\n\t\t\t<article id=\"post-4511\" class=\"post-4511 services type-services status-publish has-post-thumbnail hentry services-category-houses\" data-mh=\"ltx-services\">\r\n\t\t\t    <a href=\"https:\/\/brestdoo.me\/eng\/services\/ljetnjikovci\/\" class=\"photo\">\r\n\t\t\t        <img loading=\"lazy\" decoding=\"async\" width=\"340\" height=\"340\" src=\"https:\/\/brestdoo.me\/wp-content\/uploads\/2017\/05\/ljetnjikovci-1-340x340.jpg\" class=\"attachment-barhouse-service-square size-barhouse-service-square\" alt=\"\" srcset=\"https:\/\/brestdoo.me\/wp-content\/uploads\/2017\/05\/ljetnjikovci-1-340x340.jpg 340w, https:\/\/brestdoo.me\/wp-content\/uploads\/2017\/05\/ljetnjikovci-1-150x150.jpg 150w\" sizes=\"(max-width: 340px) 100vw, 340px\" \/>\t\t\t    <\/a>\r\n\t\t\t    <div class=\"description\">\r\n\t\t\t    \t<a href=\"https:\/\/brestdoo.me\/eng\/services\/ljetnjikovci\/\">\r\n\t\t\t    \t<h5 class=\"header\"><span>Summer houses<\/span><\/h5>\t\t\t    \t<\/a>\r\n\t\t\t        \t\t\t    <\/div> \t\t\t    \r\n\t\t\t<\/article>\r\n\t\t<\/div>\r\n\t\t\t\t<div class=\"item  col-lg-3 col-sm-6\">\r\n\t\t\t<article id=\"post-4512\" class=\"post-4512 services type-services status-publish has-post-thumbnail hentry services-category-houses\" data-mh=\"ltx-services\">\r\n\t\t\t    <a href=\"https:\/\/brestdoo.me\/eng\/services\/plazni-inventar\/\" class=\"photo\">\r\n\t\t\t        <img loading=\"lazy\" decoding=\"async\" width=\"340\" height=\"340\" src=\"https:\/\/brestdoo.me\/wp-content\/uploads\/2017\/05\/plazni-inventar-340x340.jpg\" class=\"attachment-barhouse-service-square size-barhouse-service-square\" alt=\"\" srcset=\"https:\/\/brestdoo.me\/wp-content\/uploads\/2017\/05\/plazni-inventar-340x340.jpg 340w, https:\/\/brestdoo.me\/wp-content\/uploads\/2017\/05\/plazni-inventar-300x300.jpg 300w, https:\/\/brestdoo.me\/wp-content\/uploads\/2017\/05\/plazni-inventar-150x150.jpg 150w, https:\/\/brestdoo.me\/wp-content\/uploads\/2017\/05\/plazni-inventar-768x768.jpg 768w, https:\/\/brestdoo.me\/wp-content\/uploads\/2017\/05\/plazni-inventar.jpg 1000w\" sizes=\"(max-width: 340px) 100vw, 340px\" \/>\t\t\t    <\/a>\r\n\t\t\t    <div class=\"description\">\r\n\t\t\t    \t<a href=\"https:\/\/brestdoo.me\/eng\/services\/plazni-inventar\/\">\r\n\t\t\t    \t<h5 class=\"header\"><span>Beach <\/span><span>inventory<\/span><\/h5>\t\t\t    \t<\/a>\r\n\t\t\t        \t\t\t    <\/div> \t\t\t    \r\n\t\t\t<\/article>\r\n\t\t<\/div>\r\n\t\t<\/div><\/div><\/div><\/div><\/div><\/section><div class=\"vc_row-full-width vc_clearfix\"><\/div><section class=\"vc_section\"><div class=\"vc_row wpb_row vc_row-fluid\"><div class=\"wpb_column vc_column_container vc_col-sm-12\"><div class=\"vc_column-inner\"><div class=\"wpb_wrapper\"><\/div><\/div><\/div><\/div><\/section><section data-vc-full-width=\"true\" data-vc-full-width-init=\"false\" data-vc-parallax=\"1.5\" class=\"vc_section vc_custom_1526236226264 vc_section-has-fill vc_general vc_parallax vc_parallax-content-moving bg-color-black ltx-overlay bg-overlay-dark\"><div class=\"vc_row wpb_row vc_row-fluid\"><div class=\"wpb_column vc_column_container vc_col-sm-12\"><div class=\"vc_column-inner\"><div class=\"wpb_wrapper\"><div class=\"es-resp\">\t<div class=\"visible-xl\" style=\"height: 24px;\"><\/div>\t<div class=\"hidden-xl hidden-md hidden-sm hidden-ms hidden-xs\" style=\"height: 24px;\"><\/div>\t<div class=\"visible-md\" style=\"height: 24px;\"><\/div>\t<div class=\"visible-sm\" style=\"height: 24px;\"><\/div>\t<div class=\"visible-ms\" style=\"height: 24px;\"><\/div>\t<div class=\"visible-xs\" style=\"height: 24px;\"><\/div><\/div><\/div><\/div><\/div><\/div><div class=\"vc_row wpb_row vc_row-fluid\"><div class=\"wpb_column vc_column_container vc_col-sm-12\"><div class=\"vc_column-inner\"><div class=\"wpb_wrapper\"><div class=\"heading  default align-center color-white transform-default   vc_custom_1656586408702 heading-tag-h2\" id=\"like_sc_header_390771063\"><h6 class=\"subheader ltx-sr-id-like_sc_header_3907710631187110269 ltx-sr ltx-sr-effect-slide_from_left ltx-sr-el-block ltx-sr-delay-300 ltx-sr-duration-700 ltx-sr-sequences-0\">Our wood<\/h6><h2 class=\"header ltx-sr-id-like_sc_header_3907710631539971940 ltx-sr ltx-sr-effect-fade_in ltx-sr-el-block ltx-sr-delay-0 ltx-sr-duration-1000 ltx-sr-sequences-0\">The materials <span> we use <\/span><\/h2><\/div><div class=\"ltx-content-width col-align-center\" id=\"like_sc_header_191607177\" style=\"max-width: 600px\"><div class=\"ltx-wrapper\">\n\t<div class=\"wpb_text_column wpb_content_element\">\n\t\t<div class=\"wpb_wrapper\">\n\t\t\t<div id=\"like_sc_header_1675941481\" class=\"ltx-content-width col-align-center ltx-sr-id-5696 ltx-sr ltx-sr-effect-fade_in ltx-sr-el-block ltx-sr-delay-300 ltx-sr-duration-1000 ltx-sr-sequences-0\" data-sr-id=\"11\">\n<div class=\"ltx-wrapper\">\n<div class=\"wpb_text_column wpb_content_element\">\n<div class=\"wpb_wrapper\">\n<div id=\"like_sc_header_1973658944\" class=\"ltx-content-width col-align-center ltx-sr-id-8919 ltx-sr ltx-sr-effect-fade_in ltx-sr-el-block ltx-sr-delay-300 ltx-sr-duration-1000 ltx-sr-sequences-0\" data-sr-id=\"4\">\n<div class=\"ltx-wrapper\">\n<div class=\"wpb_text_column wpb_content_element\">\n<div class=\"wpb_wrapper\">\n<p style=\"text-align: center\">Wood is an excellent insulator, and a pleasant choice of colors will make you even happier!<\/p>\n<\/div>\n<\/div>\n<\/div>\n<\/div>\n<div class=\"es-resp\"><\/div>\n<\/div>\n<\/div>\n<\/div>\n<\/div>\n<div class=\"es-resp\"><\/div>\n\n\t\t<\/div>\n\t<\/div>\n<\/div><\/div><div class=\"es-resp\">\t<div class=\"visible-xl\" style=\"height: 16px;\"><\/div>\t<div class=\"hidden-xl hidden-md hidden-sm hidden-ms hidden-xs\" style=\"height: 16px;\"><\/div>\t<div class=\"visible-md\" style=\"height: 16px;\"><\/div>\t<div class=\"visible-sm\" style=\"height: 16px;\"><\/div>\t<div class=\"visible-ms\" style=\"height: 16px;\"><\/div>\t<div class=\"visible-xs\" style=\"height: 16px;\"><\/div><\/div><div class=\"services-sc  layout-images row\">\t\t<div class=\"col-lg-3 col-md-6 col-sm-6\">\r\n\t\t\t<article id=\"post-4400\" class=\"post-4400 services type-services status-publish has-post-thumbnail hentry services-category-materials\" data-mh=\"ltx-services\">\r\n\t\t\t    <a href=\"https:\/\/brestdoo.me\/eng\/services\/jela\/\" class=\"photo matchHeight\" data-mh=\"ltx-services-images\">\r\n\t\t\t        <img loading=\"lazy\" decoding=\"async\" width=\"314\" height=\"315\" src=\"https:\/\/brestdoo.me\/wp-content\/uploads\/2018\/04\/materials-1.png\" class=\"attachment-barhouse-service-square size-barhouse-service-square\" alt=\"\" \/><span class=\"icon ltx-sr-id-like_sc_services_19483445281867601365 ltx-sr ltx-sr-effect-slide_from_top ltx-sr-el-block ltx-sr-delay-250 ltx-sr-duration-500 ltx-sr-sequences-0\"><img loading=\"lazy\" decoding=\"async\" width=\"196\" height=\"166\" src=\"https:\/\/brestdoo.me\/wp-content\/uploads\/2018\/04\/materials-1-1.png\" class=\"attachment-full size-full\" alt=\"\" \/><\/span>\t\t\t    <\/a>\r\n\t\t\t    <div class=\"description\">\r\n\t\t\t    \t<a href=\"https:\/\/brestdoo.me\/eng\/services\/jela\/\">\r\n\t\t\t    \t<h5 class=\"header\"><span>Fir<\/span><\/h5>\t\t\t    \t<\/a>\r\n\t\t\t        <p>The European Fir is an evergreen tall tree whose height reaches over 50 meters<\/p>\t\t\t    <\/div> \t\t\t    \r\n\t\t\t<\/article>\r\n\t\t<\/div>\r\n\t\t\t\t<div class=\"col-lg-3 col-md-6 col-sm-6\">\r\n\t\t\t<article id=\"post-4399\" class=\"post-4399 services type-services status-publish has-post-thumbnail hentry services-category-materials\" data-mh=\"ltx-services\">\r\n\t\t\t    <a href=\"https:\/\/brestdoo.me\/eng\/services\/smrca\/\" class=\"photo matchHeight\" data-mh=\"ltx-services-images\">\r\n\t\t\t        <img loading=\"lazy\" decoding=\"async\" width=\"311\" height=\"314\" src=\"https:\/\/brestdoo.me\/wp-content\/uploads\/2018\/04\/materials-4.png\" class=\"attachment-barhouse-service-square size-barhouse-service-square\" alt=\"\" \/><span class=\"icon ltx-sr-id-like_sc_services_194834452851047520 ltx-sr ltx-sr-effect-slide_from_top ltx-sr-el-block ltx-sr-delay-450 ltx-sr-duration-500 ltx-sr-sequences-0\"><img loading=\"lazy\" decoding=\"async\" width=\"159\" height=\"181\" src=\"https:\/\/brestdoo.me\/wp-content\/uploads\/2018\/04\/materials-4-1.png\" class=\"attachment-full size-full\" alt=\"\" \/><\/span>\t\t\t    <\/a>\r\n\t\t\t    <div class=\"description\">\r\n\t\t\t    \t<a href=\"https:\/\/brestdoo.me\/eng\/services\/smrca\/\">\r\n\t\t\t    \t<h5 class=\"header\"><span>Spruce<\/span><\/h5>\t\t\t    \t<\/a>\r\n\t\t\t        <p>Spruce is a tall evergreen tree, which forms its crown from the ground.<\/p>\t\t\t    <\/div> \t\t\t    \r\n\t\t\t<\/article>\r\n\t\t<\/div>\r\n\t\t\t\t<div class=\"col-lg-3 col-md-6 col-sm-6\">\r\n\t\t\t<article id=\"post-4402\" class=\"post-4402 services type-services status-publish has-post-thumbnail hentry services-category-materials\" data-mh=\"ltx-services\">\r\n\t\t\t    <a href=\"https:\/\/brestdoo.me\/eng\/services\/bor\/\" class=\"photo matchHeight\" data-mh=\"ltx-services-images\">\r\n\t\t\t        <img loading=\"lazy\" decoding=\"async\" width=\"310\" height=\"307\" src=\"https:\/\/brestdoo.me\/wp-content\/uploads\/2018\/04\/materials-3.png\" class=\"attachment-barhouse-service-square size-barhouse-service-square\" alt=\"\" \/><span class=\"icon ltx-sr-id-like_sc_services_19483445283935225 ltx-sr ltx-sr-effect-slide_from_top ltx-sr-el-block ltx-sr-delay-650 ltx-sr-duration-500 ltx-sr-sequences-0\"><img loading=\"lazy\" decoding=\"async\" width=\"137\" height=\"156\" src=\"https:\/\/brestdoo.me\/wp-content\/uploads\/2018\/04\/materials-3-1.png\" class=\"attachment-full size-full\" alt=\"\" \/><\/span>\t\t\t    <\/a>\r\n\t\t\t    <div class=\"description\">\r\n\t\t\t    \t<a href=\"https:\/\/brestdoo.me\/eng\/services\/bor\/\">\r\n\t\t\t    \t<h5 class=\"header\"><span>Pine tree<\/span><\/h5>\t\t\t    \t<\/a>\r\n\t\t\t        <p>Pine is a genus of evergreen coniferous trees, suitable for carpentry and construction.<\/p>\t\t\t    <\/div> \t\t\t    \r\n\t\t\t<\/article>\r\n\t\t<\/div>\r\n\t\t\t\t<div class=\"col-lg-3 col-md-6 col-sm-6\">\r\n\t\t\t<article id=\"post-4401\" class=\"post-4401 services type-services status-publish has-post-thumbnail hentry services-category-materials\" data-mh=\"ltx-services\">\r\n\t\t\t    <a href=\"https:\/\/brestdoo.me\/eng\/services\/brest\/\" class=\"photo matchHeight\" data-mh=\"ltx-services-images\">\r\n\t\t\t        <img loading=\"lazy\" decoding=\"async\" width=\"329\" height=\"300\" src=\"https:\/\/brestdoo.me\/wp-content\/uploads\/2018\/04\/materials-2.png\" class=\"attachment-barhouse-service-square size-barhouse-service-square\" alt=\"\" \/><span class=\"icon ltx-sr-id-like_sc_services_19483445281316816473 ltx-sr ltx-sr-effect-slide_from_top ltx-sr-el-block ltx-sr-delay-850 ltx-sr-duration-500 ltx-sr-sequences-0\"><img loading=\"lazy\" decoding=\"async\" width=\"139\" height=\"173\" src=\"https:\/\/brestdoo.me\/wp-content\/uploads\/2018\/04\/materials-2-1.png\" class=\"attachment-full size-full\" alt=\"\" \/><\/span>\t\t\t    <\/a>\r\n\t\t\t    <div class=\"description\">\r\n\t\t\t    \t<a href=\"https:\/\/brestdoo.me\/eng\/services\/brest\/\">\r\n\t\t\t    \t<h5 class=\"header\"><span>Elm<\/span><\/h5>\t\t\t    \t<\/a>\r\n\t\t\t        <p>Elm includes deciduous, rare semi-evergreen and evergreen forest trees.<\/p>\t\t\t    <\/div> \t\t\t    \r\n\t\t\t<\/article>\r\n\t\t<\/div>\r\n\t\t<\/div><div class=\"btn-wrap align-center\"><a href=\"\" class=\"btn  btn-xs btn-default color-hover-white align-center\" id=\"like_sc_button_203104721\">CALL US<\/a><\/div><\/div><\/div><\/div><\/div><div class=\"vc_row wpb_row vc_row-fluid\"><div class=\"wpb_column vc_column_container vc_col-sm-12\"><div class=\"vc_column-inner\"><div class=\"wpb_wrapper\"><div class=\"es-resp\">\t<div class=\"visible-xl\" style=\"height: 120px;\"><\/div>\t<div class=\"hidden-xl hidden-md hidden-sm hidden-ms hidden-xs\" style=\"height: 120px;\"><\/div>\t<div class=\"visible-md\" style=\"height: 120px;\"><\/div>\t<div class=\"visible-sm\" style=\"height: 80px;\"><\/div>\t<div class=\"visible-ms\" style=\"height: 80px;\"><\/div>\t<div class=\"visible-xs\" style=\"height: 80px;\"><\/div><\/div><\/div><\/div><\/div><\/div><\/section><div class=\"vc_row-full-width vc_clearfix\"><\/div><section data-vc-full-width=\"true\" data-vc-full-width-init=\"false\" class=\"vc_section vc_custom_1526671975140 vc_section-o-content-middle vc_section-flex bg-color-theme_color text-align-center-md-sm-ms\"><div class=\"vc_row wpb_row vc_row-fluid vc_row-o-equal-height vc_row-o-content-middle vc_row-flex\"><div class=\"wpb_column vc_column_container vc_col-sm-12 vc_col-lg-5 vc_col-md-12\"><div class=\"vc_column-inner\"><div class=\"wpb_wrapper\"><div class=\"heading  default align-left color-black subcolor-main transform-default   vc_custom_1656586468512 heading-tag-h2\" id=\"like_sc_header_1034233160\"><h2 class=\"header ltx-sr-id-like_sc_header_10342331601508921928 ltx-sr ltx-sr-effect-fade_in ltx-sr-el-block ltx-sr-delay-0 ltx-sr-duration-1000 ltx-sr-sequences-0\">Need consultation?<\/h2><\/div><\/div><\/div><\/div><div class=\"wpb_column vc_column_container vc_col-sm-12 vc_col-lg-5 vc_col-md-12\"><div class=\"vc_column-inner\"><div class=\"wpb_wrapper\"><div class=\"heading  header-text align-left color-white subcolor-main transform-default   vc_custom_1656586479865 heading-tag-h2 heading-icon\" id=\"like_sc_header_1905032471\"><img decoding=\"async\" src=\"https:\/\/brestdoo.me\/wp-content\/uploads\/2018\/04\/icon-phone.png\" class=\"heading-icon\" alt=\"+382 68 028 100\"><div class=\"heading-content\"><h2 class=\"header ltx-sr-id-like_sc_header_1905032471423897711 ltx-sr ltx-sr-effect-fade_in ltx-sr-el-block ltx-sr-delay-0 ltx-sr-duration-1000 ltx-sr-sequences-0\">+382 68 028 100<\/h2><\/div><\/div><\/div><\/div><\/div><div class=\"wpb_column vc_column_container vc_col-sm-12 vc_col-lg-2 vc_col-md-12\"><div class=\"vc_column-inner\"><div class=\"wpb_wrapper\"><div class=\"btn-wrap\"><a href=\"https:\/\/brestdoo.me\/eng\/kontakt\/\" class=\"btn  btn-black color-hover-default   vc_custom_1656586497679\" id=\"like_sc_button_586810736\">Contact<\/a><\/div><\/div><\/div><\/div><\/div><\/section><div class=\"vc_row-full-width vc_clearfix\"><\/div>\n<\/div>","protected":false},"excerpt":{"rendered":"Brest je listopadno drvo koje izraste u visinu i do 35 metara. Drvo je vrlo tvrdo, pa se kao takvo veoma \u010desto koristilo u kolarstvu i stolarstvu (furnir, rezbarstvo). Dobro se obra\u0111uje i lijepo gla\u010da. Prima i vodene boje. Od njega se izra\u0111uju kundaci i lafeti. Osim toga, lisnik od potkresivanja bresta, koristio se za [...]","protected":false},"author":1,"featured_media":0,"parent":0,"menu_order":0,"comment_status":"closed","ping_status":"closed","template":"","meta":{"footnotes":""},"class_list":["post-4573","page","type-page","status-publish","hentry","has-post-thumbnail"],"_links":{"self":[{"href":"https:\/\/brestdoo.me\/eng\/wp-json\/wp\/v2\/pages\/4573"}],"collection":[{"href":"https:\/\/brestdoo.me\/eng\/wp-json\/wp\/v2\/pages"}],"about":[{"href":"https:\/\/brestdoo.me\/eng\/wp-json\/wp\/v2\/types\/page"}],"author":[{"embeddable":true,"href":"https:\/\/brestdoo.me\/eng\/wp-json\/wp\/v2\/users\/1"}],"replies":[{"embeddable":true,"href":"https:\/\/brestdoo.me\/eng\/wp-json\/wp\/v2\/comments?post=4573"}],"version-history":[{"count":8,"href":"https:\/\/brestdoo.me\/eng\/wp-json\/wp\/v2\/pages\/4573\/revisions"}],"predecessor-version":[{"id":4976,"href":"https:\/\/brestdoo.me\/eng\/wp-json\/wp\/v2\/pages\/4573\/revisions\/4976"}],"wp:attachment":[{"href":"https:\/\/brestdoo.me\/eng\/wp-json\/wp\/v2\/media?parent=4573"}],"curies":[{"name":"wp","href":"https:\/\/api.w.org\/{rel}","templated":true}]}}