{"id":9031,"date":"2025-09-17T10:26:06","date_gmt":"2025-09-17T10:26:06","guid":{"rendered":"https:\/\/brestdoo.me\/?page_id=9031"},"modified":"2025-09-17T10:58:50","modified_gmt":"2025-09-17T10:58:50","slug":"proizvodnja","status":"publish","type":"page","link":"https:\/\/brestdoo.me\/eng\/proizvodnja\/","title":{"rendered":"Proizvodnja"},"content":{"rendered":"<div class=\"wpb-content-wrapper\"><section data-vc-full-width=\"true\" data-vc-full-width-init=\"false\" data-vc-parallax=\"1.5\" class=\"vc_section vc_section-has-fill vc_general vc_parallax vc_parallax-content-moving bg-color-gray\"><div class=\"vc_row wpb_row vc_row-fluid\"><div class=\"wpb_column vc_column_container vc_col-sm-12\"><div class=\"vc_column-inner\"><div class=\"wpb_wrapper\"><div class=\"es-resp\">\t<div class=\"visible-xl\" style=\"height: 24px;\"><\/div>\t<div class=\"hidden-xl hidden-md hidden-sm hidden-ms hidden-xs\" style=\"height: 0px;\"><\/div>\t<div class=\"visible-md\" style=\"height: 0px;\"><\/div>\t<div class=\"visible-sm\" style=\"height: 0px;\"><\/div>\t<div class=\"visible-ms\" style=\"height: 0px;\"><\/div>\t<div class=\"visible-xs\" style=\"height: 0px;\"><\/div><\/div><\/div><\/div><\/div><\/div><div class=\"vc_row wpb_row vc_row-fluid\"><div class=\"wpb_column vc_column_container vc_col-sm-12\"><div class=\"vc_column-inner\"><div class=\"wpb_wrapper\"><div class=\"heading  default align-center color-black transform-default heading-tag-h2\" id=\"like_sc_header_779611635\"><h6 class=\"subheader ltx-sr-id-like_sc_header_7796116351437385689 ltx-sr ltx-sr-effect-slide_from_left ltx-sr-el-block ltx-sr-delay-300 ltx-sr-duration-700 ltx-sr-sequences-0\">Elm<\/h6><h2 class=\"header ltx-sr-id-like_sc_header_779611635433845230 ltx-sr ltx-sr-effect-fade_in ltx-sr-el-block ltx-sr-delay-0 ltx-sr-duration-1000 ltx-sr-sequences-0\">Proizvodnja<\/h2><\/div><div class=\"ltx-content-width col-align-center\" id=\"like_sc_header_1264175306\" style=\"max-width: 600px\"><div class=\"ltx-wrapper\">\n\t<div class=\"wpb_text_column wpb_content_element\">\n\t\t<div class=\"wpb_wrapper\">\n\t\t\t<p style=\"text-align: center\">Proizvodnja se vr\u0161i prema zahtjevima kupaca, sa mogu\u0107no\u0161\u0107u izrade u razli\u010ditim dimenzijama, debljinama i \u0161irinama, u skladu sa standardima kvaliteta i tolerancijama.<\/p>\n\n\t\t<\/div>\n\t<\/div>\n<\/div><\/div><div class=\"es-resp\">\t<div class=\"visible-xl\" style=\"height: 36px;\"><\/div>\t<div class=\"hidden-xl hidden-md hidden-sm hidden-ms hidden-xs\" style=\"height: 36px;\"><\/div>\t<div class=\"visible-md\" style=\"height: 16px;\"><\/div>\t<div class=\"visible-sm\" style=\"height: 16px;\"><\/div>\t<div class=\"visible-ms\" style=\"height: 16px;\"><\/div>\t<div class=\"visible-xs\" style=\"height: 16px;\"><\/div><\/div><\/div><\/div><\/div><\/div><div class=\"vc_row wpb_row vc_row-fluid ltx-sr ltx-sr-effect-fade_in ltx-sr-id-1009910692 ltx-sr-el-list_el ltx-sr-delay-200 ltx-sr-duration-300 ltx-sr-sequences-100\"><div class=\"wpb_column vc_column_container vc_col-sm-12 vc_col-lg-4 vc_col-md-6\"><div class=\"vc_column-inner\"><div class=\"wpb_wrapper\"><div class=\"es-resp\">\t<div class=\"visible-xl\" style=\"height: 48px;\"><\/div>\t<div class=\"hidden-xl hidden-md hidden-sm hidden-ms hidden-xs\" style=\"height: 48px;\"><\/div>\t<div class=\"visible-md\" style=\"height: 16px;\"><\/div>\t<div class=\"visible-sm\" style=\"height: 16px;\"><\/div>\t<div class=\"visible-ms\" style=\"height: 16px;\"><\/div>\t<div class=\"visible-xs\" style=\"height: 16px;\"><\/div><\/div><ul class=\"block-icon icons-count-2  col-bg-transparent icon-ht-right align-left i-circle layout-col1\" ><li data-mh=\"ltx-block-icon-li-1611\"><div data-mh=\"ltx-block-icon-in-1611\" class=\"in matchHeight\"><span class=\"icon icon-text\" data-mh=\"ltx-icon-span-\">01<\/span><div class=\"block-right\"> <h5 class=\"header\"> Brodski patos <\/h5> <div class=\"descr\">Proizvodnja brodskog patosa u razli\u010ditim dimenzijama, debljinama i \u0161irinama, od pa\u017eljivo odabranog drveta, obra\u0111enog po savremenim standardima.<\/div><\/div><\/div><\/li><li data-mh=\"ltx-block-icon-li-1611\"><div data-mh=\"ltx-block-icon-in-1611\" class=\"in matchHeight\"><span class=\"icon icon-text\" data-mh=\"ltx-icon-span-\">02<\/span><div class=\"block-right\"> <h5 class=\"header\"> Lamperija <\/h5> <div class=\"descr\">Lamperija u ponudi \u2013 razne dimenzije, debljine i \u0161irine. Prirodno drvo za zidne i plafonske obloge, idealno za moderan ili rusti\u010dan izgled enterijera.<\/div><\/div><\/div><\/li><\/ul><\/div><\/div><\/div><div class=\"wpb_column vc_column_container vc_col-sm-4 vc_hidden-md vc_hidden-sm vc_hidden-xs\"><div class=\"vc_column-inner\"><div class=\"wpb_wrapper\">\n\t<div  class=\"wpb_single_image wpb_content_element vc_align_left wpb_content_element\">\n\t\t\n\t\t<figure class=\"wpb_wrapper vc_figure\">\n\t\t\t<div class=\"vc_single_image-wrapper   vc_box_border_grey\"><img loading=\"lazy\" decoding=\"async\" width=\"485\" height=\"577\" src=\"https:\/\/brestdoo.me\/wp-content\/uploads\/2018\/05\/benefits-house.png\" class=\"vc_single_image-img attachment-full\" alt=\"\" title=\"benefits-house\" \/><\/div>\n\t\t<\/figure>\n\t<\/div>\n<\/div><\/div><\/div><div class=\"wpb_column vc_column_container vc_col-sm-12 vc_col-lg-4 vc_col-md-6\"><div class=\"vc_column-inner\"><div class=\"wpb_wrapper\"><div class=\"es-resp\">\t<div class=\"visible-xl\" style=\"height: 48px;\"><\/div>\t<div class=\"hidden-xl hidden-md hidden-sm hidden-ms hidden-xs\" style=\"height: 48px;\"><\/div>\t<div class=\"visible-md\" style=\"height: 16px;\"><\/div>\t<div class=\"visible-sm\" style=\"height: 16px;\"><\/div>\t<div class=\"visible-ms\" style=\"height: 16px;\"><\/div>\t<div class=\"visible-xs\" style=\"height: 16px;\"><\/div><\/div><ul class=\"block-icon icons-count-2  col-bg-transparent icon-ht-left align-right i-circle layout-col1\" ><li data-mh=\"ltx-block-icon-li-1052\"><div data-mh=\"ltx-block-icon-in-1052\" class=\"in matchHeight\"><span class=\"icon icon-text\" data-mh=\"ltx-icon-span-\">04<\/span><div class=\"block-right\"> <h5 class=\"header\"> Letva <\/h5> <div class=\"descr\">Letve od kvalitetnog drveta \u2013 dostupne u raznim dimenzijama, debljinama i \u0161irinama. Pogodne za \u0161iroku primenu u unutra\u0161njim i spoljnim radovima.<\/div><\/div><\/div><\/li><li data-mh=\"ltx-block-icon-li-1052\"><div data-mh=\"ltx-block-icon-in-1052\" class=\"in matchHeight\"><span class=\"icon icon-text\" data-mh=\"ltx-icon-span-\">05<\/span><div class=\"block-right\"> <h5 class=\"header\"> Lajsna <\/h5> <div class=\"descr\">Dodajte eleganciju i savr\u0161en zavr\u0161etak svom enterijeru! Na\u0161e drvene lajsne izra\u0111ujemo u razli\u010ditim dimenzijama, debljinama i \u0161irinama.<\/div><\/div><\/div><\/li><\/ul><\/div><\/div><\/div><\/div><div class=\"vc_row wpb_row vc_row-fluid\"><div class=\"wpb_column vc_column_container vc_col-sm-12\"><div class=\"vc_column-inner\"><div class=\"wpb_wrapper\"><div class=\"es-resp\">\t<div class=\"visible-xl\" style=\"height: 74px;\"><\/div>\t<div class=\"hidden-xl hidden-md hidden-sm hidden-ms hidden-xs\" style=\"height: 120px;\"><\/div>\t<div class=\"visible-md\" style=\"height: 120px;\"><\/div>\t<div class=\"visible-sm\" style=\"height: 120px;\"><\/div>\t<div class=\"visible-ms\" style=\"height: 120px;\"><\/div>\t<div class=\"visible-xs\" style=\"height: 120px;\"><\/div><\/div><\/div><\/div><\/div><\/div><\/section><div class=\"vc_row-full-width vc_clearfix\"><\/div>\n<\/div>","protected":false},"excerpt":{"rendered":"BrestProizvodnja Proizvodnja se vr\u0161i prema zahtjevima kupaca, sa mogu\u0107no\u0161\u0107u izrade u razli\u010ditim dimenzijama, debljinama i \u0161irinama, u skladu sa standardima kvaliteta i tolerancijama. 01 Brodski patos Proizvodnja brodskog patosa u razli\u010ditim dimenzijama, debljinama i \u0161irinama, od pa\u017eljivo odabranog drveta, obra\u0111enog po savremenim standardima.02 Lamperija Lamperija u ponudi \u2013 razne dimenzije, debljine i \u0161irine. Prirodno drvo [...]","protected":false},"author":1,"featured_media":0,"parent":0,"menu_order":0,"comment_status":"closed","ping_status":"closed","template":"","meta":{"footnotes":""},"class_list":["post-9031","page","type-page","status-publish","hentry"],"_links":{"self":[{"href":"https:\/\/brestdoo.me\/eng\/wp-json\/wp\/v2\/pages\/9031"}],"collection":[{"href":"https:\/\/brestdoo.me\/eng\/wp-json\/wp\/v2\/pages"}],"about":[{"href":"https:\/\/brestdoo.me\/eng\/wp-json\/wp\/v2\/types\/page"}],"author":[{"embeddable":true,"href":"https:\/\/brestdoo.me\/eng\/wp-json\/wp\/v2\/users\/1"}],"replies":[{"embeddable":true,"href":"https:\/\/brestdoo.me\/eng\/wp-json\/wp\/v2\/comments?post=9031"}],"version-history":[{"count":8,"href":"https:\/\/brestdoo.me\/eng\/wp-json\/wp\/v2\/pages\/9031\/revisions"}],"predecessor-version":[{"id":9040,"href":"https:\/\/brestdoo.me\/eng\/wp-json\/wp\/v2\/pages\/9031\/revisions\/9040"}],"wp:attachment":[{"href":"https:\/\/brestdoo.me\/eng\/wp-json\/wp\/v2\/media?parent=9031"}],"curies":[{"name":"wp","href":"https:\/\/api.w.org\/{rel}","templated":true}]}}